{"id":1121,"date":"2022-02-11T16:54:57","date_gmt":"2022-02-11T16:54:57","guid":{"rendered":"https:\/\/www.pisan.es\/temp\/?page_id=1121"},"modified":"2022-05-02T08:20:50","modified_gmt":"2022-05-02T08:20:50","slug":"listado-noticias","status":"publish","type":"page","link":"https:\/\/www.pisan.es\/ca\/listado-noticias\/","title":{"rendered":"Listado noticias"},"content":{"rendered":"<br \/>\n<style>\/*! elementor - v3.6.4 - 13-04-2022 *\/\n.elementor-heading-title{padding:0;margin:0;line-height:1}.elementor-widget-heading .elementor-heading-title[class*=elementor-size-]>a{color:inherit;font-size:inherit;line-height:inherit}.elementor-widget-heading .elementor-heading-title.elementor-size-small{font-size:15px}.elementor-widget-heading .elementor-heading-title.elementor-size-medium{font-size:19px}.elementor-widget-heading .elementor-heading-title.elementor-size-large{font-size:29px}.elementor-widget-heading .elementor-heading-title.elementor-size-xl{font-size:39px}.elementor-widget-heading .elementor-heading-title.elementor-size-xxl{font-size:59px}<\/style>\n<h2>Gesti\u00f3n de contenidos<\/h2>\n<ul>\n<li><a href=\"\/temp\/panel-de-control\/\">Proyectos<\/a><\/li>\n<li><a href=\"\/temp\/listado-noticias\/\">Noticias<\/a><\/li>\n<li><a href=\"\/temp\/listado-equipo\/\">Equipo<\/a><\/li>\n<\/ul>\n<h1 style=\"text-align:center; margin-bottom:30px;\">Listado noticias<\/h1>\n<form autocomplete=\"off\" name=\"wpv-filter-1182\" action=\"\/ca\/wp-json\/wp\/v2\/pages\/1121?wpv_view_count=1182\" method=\"get\" class=\"wpv-filter-form js-wpv-filter-form js-wpv-filter-form-1182 js-wpv-form-full js-wpv-dps-enabled js-wpv-ajax-results-enabled\" data-viewnumber=\"1182\" data-viewid=\"1182\" data-viewhash=\"eyJuYW1lIjoibGlzdGFkby1ub3RpY2lhcy1lZGl0YWJsZS1zaW4tdmlzaW9uYXIifQ==\" data-viewwidgetid=\"0\" data-orderby=\"\" data-order=\"\" data-orderbyas=\"\" data-orderbysecond=\"\" data-ordersecond=\"\" data-parametric=\"{&quot;query&quot;:&quot;normal&quot;,&quot;id&quot;:1182,&quot;view_id&quot;:1182,&quot;widget_id&quot;:0,&quot;view_hash&quot;:&quot;1182&quot;,&quot;action&quot;:&quot;\\\/ca\\\/wp-json\\\/wp\\\/v2\\\/pages\\\/1121?wpv_view_count=1182&quot;,&quot;sort&quot;:{&quot;orderby&quot;:&quot;&quot;,&quot;order&quot;:&quot;&quot;,&quot;orderby_as&quot;:&quot;&quot;,&quot;orderby_second&quot;:&quot;&quot;,&quot;order_second&quot;:&quot;&quot;},&quot;orderby&quot;:&quot;&quot;,&quot;order&quot;:&quot;&quot;,&quot;orderby_as&quot;:&quot;&quot;,&quot;orderby_second&quot;:&quot;&quot;,&quot;order_second&quot;:&quot;&quot;,&quot;ajax_form&quot;:&quot;&quot;,&quot;ajax_results&quot;:&quot;&quot;,&quot;effect&quot;:&quot;fade&quot;,&quot;prebefore&quot;:&quot;&quot;,&quot;before&quot;:&quot;&quot;,&quot;after&quot;:&quot;&quot;,&quot;attributes&quot;:[],&quot;environment&quot;:{&quot;current_post_id&quot;:1121,&quot;parent_post_id&quot;:1121,&quot;parent_term_id&quot;:0,&quot;parent_user_id&quot;:0,&quot;archive&quot;:{&quot;type&quot;:&quot;&quot;,&quot;name&quot;:&quot;&quot;,&quot;data&quot;:[]}},&quot;loop&quot;:{&quot;type&quot;:&quot;&quot;,&quot;name&quot;:&quot;&quot;,&quot;data&quot;:[],&quot;id&quot;:0}}\" data-attributes=\"[]\" data-environment=\"{&quot;current_post_id&quot;:1121,&quot;parent_post_id&quot;:1121,&quot;parent_term_id&quot;:0,&quot;parent_user_id&quot;:0,&quot;archive&quot;:{&quot;type&quot;:&quot;&quot;,&quot;name&quot;:&quot;&quot;,&quot;data&quot;:[]}}\"><input type=\"hidden\" class=\"js-wpv-dps-filter-data js-wpv-filter-data-for-this-form\" data-action=\"\/ca\/wp-json\/wp\/v2\/pages\/1121?wpv_view_count=1182\" data-page=\"1\" data-ajax=\"enable\" data-effect=\"fade\" data-maxpages=\"0\" data-ajaxprebefore=\"\" data-ajaxbefore=\"\" data-ajaxafter=\"\" \/><input class=\"wpv_view_count wpv_view_count-1182\" type=\"hidden\" name=\"wpv_view_count\" value=\"1182\" \/>\n\n\n<div class=\"rc_filtros_listado\">\n<div class=\"rc_buscar\">\n\t<input type=\"text\" name=\"wpv_post_search\"  class=\"js-wpv-filter-trigger-delayed form-control\" placeholder=\"Buscar proyecto...\" \/>\n  <input type=\"submit\" class=\"btn-secondary rc_enviar wpv-submit-trigger js-wpv-submit-trigger btn\" name=\"wpv_filter_submit\" value=\"Buscar\" \/>\n  <button type=\"button\" class=\"button wpv-reset-trigger js-wpv-reset-trigger\">Reset<\/button>\n<\/div>\n<\/div>\n\n\n<\/form>\n<div id=\"wpv-view-layout-1182\" class=\"js-wpv-view-layout js-wpv-layout-responsive js-wpv-view-layout-1182\" data-viewnumber=\"1182\" data-pagination=\"{&quot;id&quot;:1182,&quot;query&quot;:&quot;normal&quot;,&quot;type&quot;:&quot;disabled&quot;,&quot;effect&quot;:&quot;fade&quot;,&quot;duration&quot;:500,&quot;speed&quot;:5,&quot;pause_on_hover&quot;:&quot;enabled&quot;,&quot;stop_rollover&quot;:&quot;false&quot;,&quot;cache_pages&quot;:&quot;enabled&quot;,&quot;preload_images&quot;:&quot;enabled&quot;,&quot;preload_pages&quot;:&quot;enabled&quot;,&quot;preload_reach&quot;:1,&quot;spinner&quot;:&quot;builtin&quot;,&quot;spinner_image&quot;:&quot;https:\/\/www.pisan.es\/temp\/wp-content\/plugins\/toolset-blocks\/embedded\/res\/img\/ajax-loader.gif&quot;,&quot;callback_next&quot;:&quot;&quot;,&quot;manage_history&quot;:&quot;enabled&quot;,&quot;has_controls_in_form&quot;:&quot;disabled&quot;,&quot;infinite_tolerance&quot;:&quot;0&quot;,&quot;max_pages&quot;:0,&quot;page&quot;:1,&quot;base_permalink&quot;:&quot;\/ca\/wp-json\/wp\/v2\/pages\/1121?wpv_view_count=1182&amp;wpv_paged=WPV_PAGE_NUM&quot;,&quot;loop&quot;:{&quot;type&quot;:&quot;&quot;,&quot;name&quot;:&quot;&quot;,&quot;data&quot;:[],&quot;id&quot;:0}}\" data-permalink=\"\/ca\/wp-json\/wp\/v2\/pages\/1121?wpv_view_count=1182\">\n\n\t\n\t\n\t<table width=\"100%\">\n      <a class=\"button\" href=\"\/temp\/una-nueva-noticia\/\">Crear noticia<\/a>\n\t\t<tbody class=\"wpv-loop js-wpv-loop\">\n\t\t\n\t\t\t<tr>\n\t\t\t\t<td>Jaime Barriga Rodr\u00edguez<\/td>\n<td class=\"rc_llista_nom\">Dise\u00f1o de una Infraestructura ciclista<\/td>\n<td class=\"rc_llista_editar\">\/<\/td>\n\n\t\t\t<\/tr>\n\t\t\n\t\t\t<tr>\n\t\t\t\t<td>Alfonso Abadal<\/td>\n<td class=\"rc_llista_nom\">Inicio de las obras de reparaci\u00f3n del pavimento en la C-14 en Organy\u00e0 (Lleida)<\/td>\n<td class=\"rc_llista_editar\">\/<\/td>\n\n\t\t\t<\/tr>\n\t\t\n\t\t\t<tr>\n\t\t\t\t<td>Alfonso Abadal<\/td>\n<td class=\"rc_llista_nom\">Inicio de las obras de la reurbanizaci\u00f3n de la Bajada de la Gloria en Gracia (Barcelona)<\/td>\n<td class=\"rc_llista_editar\">\/<\/td>\n\n\t\t\t<\/tr>\n\t\t\n\t\t\t<tr>\n\t\t\t\t<td>Jaime Barriga Rodr\u00edguez<\/td>\n<td class=\"rc_llista_nom\">LPS, la nueva era de la planificaci\u00f3n para el sector de la Construcci\u00f3n<\/td>\n<td class=\"rc_llista_editar\">\/<\/td>\n\n\t\t\t<\/tr>\n\t\t\n\t\t\t<tr>\n\t\t\t\t<td>Jaime Barriga Rodr\u00edguez<\/td>\n<td class=\"rc_llista_nom\">Ordenaci\u00f3n de accesos Tramo: Granollers \u2013 Lli\u00e7\u00e0 d&#8217;Amunt<\/td>\n<td class=\"rc_llista_editar\">\/<\/td>\n\n\t\t\t<\/tr>\n\t\t\n\t\t\t<tr>\n\t\t\t\t<td>Jaime Barriga Rodr\u00edguez<\/td>\n<td class=\"rc_llista_nom\">Inician las obras de ordenaci\u00f3n de accesos en la Carretera C-17 entre el Pk 193+000 &#8211; Pk 194+750<\/td>\n<td class=\"rc_llista_editar\">\/<\/td>\n\n\t\t\t<\/tr>\n\t\t\n\t\t\t<tr>\n\t\t\t\t<td>Jaime Barriga Rodr\u00edguez<\/td>\n<td class=\"rc_llista_nom\">Mejora Se\u00f1alizaci\u00f3n orientaci\u00f3n Catalunya<\/td>\n<td class=\"rc_llista_editar\">\/<\/td>\n\n\t\t\t<\/tr>\n\t\t\n\t\t\t<tr>\n\t\t\t\t<td>Jaime Barriga Rodr\u00edguez<\/td>\n<td class=\"rc_llista_nom\">Entra en funcionamiento el nuevo tramo de v\u00eda verde entre Sant Joan de les Abadesses y Sant Pau de Seg\u00faries. Direcci\u00f3n de obra de Pi\u00f1ol Sanjaume s.l. (PISAN)<\/td>\n<td class=\"rc_llista_editar\">\/<\/td>\n\n\t\t\t<\/tr>\n\t\t\n\t\t\t<tr>\n\t\t\t\t<td>rafacorts<\/td>\n<td class=\"rc_llista_nom\">Renovaci\u00f3n &#8211; Certificados ISO 9001 y 14001<\/td>\n<td class=\"rc_llista_editar\">\/<\/td>\n\n\t\t\t<\/tr>\n\t\t\n\t\t<\/tbody>\n\t<\/table>\n\t\n\t\n\t\n<\/div>\n\n","protected":false},"excerpt":{"rendered":"<p>Gesti\u00f3n de contenidos Proyectos Noticias Equipo<\/p>\n","protected":false},"author":1,"featured_media":0,"parent":0,"menu_order":0,"comment_status":"closed","ping_status":"closed","template":"","meta":{"ocean_post_layout":"","ocean_both_sidebars_style":"","ocean_both_sidebars_content_width":0,"ocean_both_sidebars_sidebars_width":0,"ocean_sidebar":"0","ocean_second_sidebar":"0","ocean_disable_margins":"enable","ocean_add_body_class":"","ocean_shortcode_before_top_bar":"","ocean_shortcode_after_top_bar":"","ocean_shortcode_before_header":"","ocean_shortcode_after_header":"","ocean_has_shortcode":"","ocean_shortcode_after_title":"","ocean_shortcode_before_footer_widgets":"","ocean_shortcode_after_footer_widgets":"","ocean_shortcode_before_footer_bottom":"","ocean_shortcode_after_footer_bottom":"","ocean_display_top_bar":"default","ocean_display_header":"default","ocean_header_style":"","ocean_center_header_left_menu":"0","ocean_custom_header_template":"0","ocean_custom_logo":0,"ocean_custom_retina_logo":0,"ocean_custom_logo_max_width":0,"ocean_custom_logo_tablet_max_width":0,"ocean_custom_logo_mobile_max_width":0,"ocean_custom_logo_max_height":0,"ocean_custom_logo_tablet_max_height":0,"ocean_custom_logo_mobile_max_height":0,"ocean_header_custom_menu":"0","ocean_menu_typo_font_family":"0","ocean_menu_typo_font_subset":"","ocean_menu_typo_font_size":0,"ocean_menu_typo_font_size_tablet":0,"ocean_menu_typo_font_size_mobile":0,"ocean_menu_typo_font_size_unit":"px","ocean_menu_typo_font_weight":"","ocean_menu_typo_font_weight_tablet":"","ocean_menu_typo_font_weight_mobile":"","ocean_menu_typo_transform":"","ocean_menu_typo_transform_tablet":"","ocean_menu_typo_transform_mobile":"","ocean_menu_typo_line_height":0,"ocean_menu_typo_line_height_tablet":0,"ocean_menu_typo_line_height_mobile":0,"ocean_menu_typo_line_height_unit":"","ocean_menu_typo_spacing":0,"ocean_menu_typo_spacing_tablet":0,"ocean_menu_typo_spacing_mobile":0,"ocean_menu_typo_spacing_unit":"","ocean_menu_link_color":"","ocean_menu_link_color_hover":"","ocean_menu_link_color_active":"","ocean_menu_link_background":"","ocean_menu_link_hover_background":"","ocean_menu_link_active_background":"","ocean_menu_social_links_bg":"","ocean_menu_social_hover_links_bg":"","ocean_menu_social_links_color":"","ocean_menu_social_hover_links_color":"","ocean_disable_title":"default","ocean_disable_heading":"default","ocean_post_title":"","ocean_post_subheading":"","ocean_post_title_style":"","ocean_post_title_background_color":"","ocean_post_title_background":0,"ocean_post_title_bg_image_position":"","ocean_post_title_bg_image_attachment":"","ocean_post_title_bg_image_repeat":"","ocean_post_title_bg_image_size":"","ocean_post_title_height":0,"ocean_post_title_bg_overlay":0.5,"ocean_post_title_bg_overlay_color":"","ocean_disable_breadcrumbs":"default","ocean_breadcrumbs_color":"","ocean_breadcrumbs_separator_color":"","ocean_breadcrumbs_links_color":"","ocean_breadcrumbs_links_hover_color":"","ocean_display_footer_widgets":"default","ocean_display_footer_bottom":"default","ocean_custom_footer_template":"0","footnotes":""},"class_list":["post-1121","page","type-page","status-publish","hentry","entry"],"_links":{"self":[{"href":"https:\/\/www.pisan.es\/ca\/wp-json\/wp\/v2\/pages\/1121","targetHints":{"allow":["GET"]}}],"collection":[{"href":"https:\/\/www.pisan.es\/ca\/wp-json\/wp\/v2\/pages"}],"about":[{"href":"https:\/\/www.pisan.es\/ca\/wp-json\/wp\/v2\/types\/page"}],"author":[{"embeddable":true,"href":"https:\/\/www.pisan.es\/ca\/wp-json\/wp\/v2\/users\/1"}],"replies":[{"embeddable":true,"href":"https:\/\/www.pisan.es\/ca\/wp-json\/wp\/v2\/comments?post=1121"}],"version-history":[{"count":21,"href":"https:\/\/www.pisan.es\/ca\/wp-json\/wp\/v2\/pages\/1121\/revisions"}],"predecessor-version":[{"id":1891,"href":"https:\/\/www.pisan.es\/ca\/wp-json\/wp\/v2\/pages\/1121\/revisions\/1891"}],"wp:attachment":[{"href":"https:\/\/www.pisan.es\/ca\/wp-json\/wp\/v2\/media?parent=1121"}],"curies":[{"name":"wp","href":"https:\/\/api.w.org\/{rel}","templated":true}]}}