{"id":3790,"date":"2022-05-25T15:49:23","date_gmt":"2022-05-25T15:49:23","guid":{"rendered":"https:\/\/www.pisan.es\/qui-som\/"},"modified":"2024-11-25T08:26:31","modified_gmt":"2024-11-25T08:26:31","slug":"quienes-somos","status":"publish","type":"page","link":"https:\/\/www.pisan.es\/ca\/quienes-somos\/","title":{"rendered":"Qui som?"},"content":{"rendered":"\t\t<div data-elementor-type=\"wp-page\" data-elementor-id=\"3790\" class=\"elementor elementor-3790 elementor-2389\" data-elementor-post-type=\"page\">\n\t\t\t\t\t\t<section class=\"elementor-section elementor-top-section elementor-element elementor-element-e26ad74 elementor-section-height-min-height elementor-section-full_width elementor-section-height-default elementor-section-items-middle\" data-id=\"e26ad74\" data-element_type=\"section\" data-settings=\"{&quot;background_background&quot;:&quot;classic&quot;}\">\n\t\t\t\t\t\t\t<div class=\"elementor-background-overlay\"><\/div>\n\t\t\t\t\t\t\t<div class=\"elementor-container elementor-column-gap-default\">\n\t\t\t\t\t<div class=\"elementor-column elementor-col-100 elementor-top-column elementor-element elementor-element-16f8eb74\" data-id=\"16f8eb74\" data-element_type=\"column\">\n\t\t\t<div class=\"elementor-widget-wrap elementor-element-populated\">\n\t\t\t\t\t\t<section class=\"elementor-section elementor-inner-section elementor-element elementor-element-4a5a933e elementor-section-boxed elementor-section-height-default elementor-section-height-default\" data-id=\"4a5a933e\" data-element_type=\"section\">\n\t\t\t\t\t\t<div class=\"elementor-container elementor-column-gap-default\">\n\t\t\t\t\t<div class=\"elementor-column elementor-col-50 elementor-inner-column elementor-element elementor-element-b4116ec\" data-id=\"b4116ec\" data-element_type=\"column\">\n\t\t\t<div class=\"elementor-widget-wrap elementor-element-populated\">\n\t\t\t\t\t\t<div class=\"elementor-element elementor-element-2ab9bba2 elementor-widget elementor-widget-heading\" data-id=\"2ab9bba2\" data-element_type=\"widget\" data-widget_type=\"heading.default\">\n\t\t\t\t<div class=\"elementor-widget-container\">\n\t\t\t<h1 class=\"elementor-heading-title elementor-size-default\">Qui som?<\/h1>\t\t<\/div>\n\t\t\t\t<\/div>\n\t\t\t\t\t<\/div>\n\t\t<\/div>\n\t\t\t\t<div class=\"elementor-column elementor-col-50 elementor-inner-column elementor-element elementor-element-699c29cd\" data-id=\"699c29cd\" data-element_type=\"column\">\n\t\t\t<div class=\"elementor-widget-wrap\">\n\t\t\t\t\t\t\t<\/div>\n\t\t<\/div>\n\t\t\t\t\t<\/div>\n\t\t<\/section>\n\t\t\t\t\t<\/div>\n\t\t<\/div>\n\t\t\t\t\t<\/div>\n\t\t<\/section>\n\t\t\t\t<section class=\"elementor-section elementor-top-section elementor-element elementor-element-21d2fe rc_migas_pan_margen elementor-section-boxed elementor-section-height-default elementor-section-height-default\" data-id=\"21d2fe\" data-element_type=\"section\">\n\t\t\t\t\t\t<div class=\"elementor-container elementor-column-gap-default\">\n\t\t\t\t\t<div class=\"elementor-column elementor-col-100 elementor-top-column elementor-element elementor-element-618b7e95\" data-id=\"618b7e95\" data-element_type=\"column\">\n\t\t\t<div class=\"elementor-widget-wrap elementor-element-populated\">\n\t\t\t\t\t\t<div class=\"elementor-element elementor-element-688b3d5d elementor-widget elementor-widget-text-editor\" data-id=\"688b3d5d\" data-element_type=\"widget\" data-widget_type=\"text-editor.default\">\n\t\t\t\t<div class=\"elementor-widget-container\">\n\t\t\t\t\t\t\t<p><a href=\"https:\/\/pisan.es\"><img decoding=\"async\" class=\"rc_home\" src=\"\/wp-content\/uploads\/2022\/09\/logo-pisan-migas.png\" width=\"30\" height=\"auto\"><\/a> &gt; Qui som?<\/p>\n\t\t\t\t\t\t<\/div>\n\t\t\t\t<\/div>\n\t\t\t\t\t<\/div>\n\t\t<\/div>\n\t\t\t\t\t<\/div>\n\t\t<\/section>\n\t\t\t\t<section class=\"elementor-section elementor-top-section elementor-element elementor-element-0f34ddd elementor-section-boxed elementor-section-height-default elementor-section-height-default\" data-id=\"0f34ddd\" data-element_type=\"section\">\n\t\t\t\t\t\t<div class=\"elementor-container elementor-column-gap-default\">\n\t\t\t\t\t<div class=\"elementor-column elementor-col-100 elementor-top-column elementor-element elementor-element-3c19157\" data-id=\"3c19157\" data-element_type=\"column\">\n\t\t\t<div class=\"elementor-widget-wrap elementor-element-populated\">\n\t\t\t\t\t\t<div class=\"elementor-element elementor-element-9517834 elementor-hidden-mobile elementor-widget elementor-widget-spacer\" data-id=\"9517834\" data-element_type=\"widget\" data-widget_type=\"spacer.default\">\n\t\t\t\t<div class=\"elementor-widget-container\">\n\t\t\t\t\t<div class=\"elementor-spacer\">\n\t\t\t<div class=\"elementor-spacer-inner\"><\/div>\n\t\t<\/div>\n\t\t\t\t<\/div>\n\t\t\t\t<\/div>\n\t\t\t\t<section class=\"elementor-section elementor-inner-section elementor-element elementor-element-38f282a elementor-reverse-mobile elementor-section-boxed elementor-section-height-default elementor-section-height-default\" data-id=\"38f282a\" data-element_type=\"section\">\n\t\t\t\t\t\t<div class=\"elementor-container elementor-column-gap-default\">\n\t\t\t\t\t<div class=\"elementor-column elementor-col-100 elementor-inner-column elementor-element elementor-element-0616c0a\" data-id=\"0616c0a\" data-element_type=\"column\">\n\t\t\t<div class=\"elementor-widget-wrap elementor-element-populated\">\n\t\t\t\t\t\t<div class=\"elementor-element elementor-element-bae06ce elementor-widget elementor-widget-text-editor\" data-id=\"bae06ce\" data-element_type=\"widget\" data-widget_type=\"text-editor.default\">\n\t\t\t\t<div class=\"elementor-widget-container\">\n\t\t\t\t\t\t\t<p>Pisan S.L. \u00e9s una empresa fundada a Barcelona per Santiago Pi\u00f1ol Sanjaume, on es recull l&#8217;experi\u00e8ncia d&#8217;una saga de professionals, dedicats a la construcci\u00f3 al llarg de m\u00e9s de quatre generacions, que es va iniciar a Xerta (Tarragona) el 1870.<\/p>\n<p>Pisan S.L. Cobreix a la perfecci\u00f3 les dues variants tradicionals del sector de la construcci\u00f3, que s\u00f3n l&#8217;enginyeria i l&#8217;arquitectura, aix\u00ed com les facetes de gesti\u00f3 d&#8217;obra i de consultoria, oferint als seus clients el nivell m\u00e9s alt en l&#8217;elaboraci\u00f3 dels seus projectes, d&#8217;una manera integral o parcial.<\/p>\n<p>Pisan S.L. ofereix als seus clients privats i de l&#8217;administraci\u00f3, totes les fases de la gesti\u00f3 integral d&#8217;un projecte, aix\u00ed com qualsevol dels seus processos parcials, estudi estrat\u00e8gic, estudi de factibilitat, cerca d&#8217;empla\u00e7ament, planejament urban\u00edstic, obtenci\u00f3 de permisos, estudis geot\u00e8cnics, estudis mediambientals, redacci\u00f3 de projectes, direcci\u00f3 d&#8217;obres, processos de selecci\u00f3 d&#8217;ofertes, elaboraci\u00f3 de cadastres, auditoria cadastrals, elaboraci\u00f3 de plecs de bases, project managment, etc.<\/p>\n\t\t\t\t\t\t<\/div>\n\t\t\t\t<\/div>\n\t\t\t\t\t<\/div>\n\t\t<\/div>\n\t\t\t\t\t<\/div>\n\t\t<\/section>\n\t\t\t\t\t<\/div>\n\t\t<\/div>\n\t\t\t\t\t<\/div>\n\t\t<\/section>\n\t\t\t\t<\/div>\n\t\t","protected":false},"excerpt":{"rendered":"<p>&gt; Qui som? Pisan S.L. \u00e9s una empresa fundada a Barcelona per Santiago Pi\u00f1ol Sanjaume, on es recull l&#8217;experi\u00e8ncia d&#8217;una saga de professionals, dedicats a la construcci\u00f3 al llarg de m\u00e9s de quatre generacions, que es va iniciar a Xerta (Tarragona) el 1870. Pisan S.L. Cobreix a la perfecci\u00f3 les dues variants tradicionals del sector [&hellip;]<\/p>\n","protected":false},"author":1,"featured_media":0,"parent":0,"menu_order":0,"comment_status":"closed","ping_status":"closed","template":"","meta":{"ocean_post_layout":"","ocean_both_sidebars_style":"","ocean_both_sidebars_content_width":0,"ocean_both_sidebars_sidebars_width":0,"ocean_sidebar":"0","ocean_second_sidebar":"0","ocean_disable_margins":"enable","ocean_add_body_class":"","ocean_shortcode_before_top_bar":"","ocean_shortcode_after_top_bar":"","ocean_shortcode_before_header":"","ocean_shortcode_after_header":"","ocean_has_shortcode":"","ocean_shortcode_after_title":"","ocean_shortcode_before_footer_widgets":"","ocean_shortcode_after_footer_widgets":"","ocean_shortcode_before_footer_bottom":"","ocean_shortcode_after_footer_bottom":"","ocean_display_top_bar":"default","ocean_display_header":"default","ocean_header_style":"","ocean_center_header_left_menu":"0","ocean_custom_header_template":"0","ocean_custom_logo":0,"ocean_custom_retina_logo":0,"ocean_custom_logo_max_width":0,"ocean_custom_logo_tablet_max_width":0,"ocean_custom_logo_mobile_max_width":0,"ocean_custom_logo_max_height":0,"ocean_custom_logo_tablet_max_height":0,"ocean_custom_logo_mobile_max_height":0,"ocean_header_custom_menu":"0","ocean_menu_typo_font_family":"0","ocean_menu_typo_font_subset":"","ocean_menu_typo_font_size":0,"ocean_menu_typo_font_size_tablet":0,"ocean_menu_typo_font_size_mobile":0,"ocean_menu_typo_font_size_unit":"px","ocean_menu_typo_font_weight":"","ocean_menu_typo_font_weight_tablet":"","ocean_menu_typo_font_weight_mobile":"","ocean_menu_typo_transform":"","ocean_menu_typo_transform_tablet":"","ocean_menu_typo_transform_mobile":"","ocean_menu_typo_line_height":0,"ocean_menu_typo_line_height_tablet":0,"ocean_menu_typo_line_height_mobile":0,"ocean_menu_typo_line_height_unit":"","ocean_menu_typo_spacing":0,"ocean_menu_typo_spacing_tablet":0,"ocean_menu_typo_spacing_mobile":0,"ocean_menu_typo_spacing_unit":"","ocean_menu_link_color":"","ocean_menu_link_color_hover":"","ocean_menu_link_color_active":"","ocean_menu_link_background":"","ocean_menu_link_hover_background":"","ocean_menu_link_active_background":"","ocean_menu_social_links_bg":"","ocean_menu_social_hover_links_bg":"","ocean_menu_social_links_color":"","ocean_menu_social_hover_links_color":"","ocean_disable_title":"default","ocean_disable_heading":"default","ocean_post_title":"","ocean_post_subheading":"","ocean_post_title_style":"","ocean_post_title_background_color":"","ocean_post_title_background":0,"ocean_post_title_bg_image_position":"","ocean_post_title_bg_image_attachment":"","ocean_post_title_bg_image_repeat":"","ocean_post_title_bg_image_size":"","ocean_post_title_height":0,"ocean_post_title_bg_overlay":0.5,"ocean_post_title_bg_overlay_color":"","ocean_disable_breadcrumbs":"default","ocean_breadcrumbs_color":"","ocean_breadcrumbs_separator_color":"","ocean_breadcrumbs_links_color":"","ocean_breadcrumbs_links_hover_color":"","ocean_display_footer_widgets":"default","ocean_display_footer_bottom":"default","ocean_custom_footer_template":"0","footnotes":""},"class_list":["post-3790","page","type-page","status-publish","hentry","entry"],"_links":{"self":[{"href":"https:\/\/www.pisan.es\/ca\/wp-json\/wp\/v2\/pages\/3790","targetHints":{"allow":["GET"]}}],"collection":[{"href":"https:\/\/www.pisan.es\/ca\/wp-json\/wp\/v2\/pages"}],"about":[{"href":"https:\/\/www.pisan.es\/ca\/wp-json\/wp\/v2\/types\/page"}],"author":[{"embeddable":true,"href":"https:\/\/www.pisan.es\/ca\/wp-json\/wp\/v2\/users\/1"}],"replies":[{"embeddable":true,"href":"https:\/\/www.pisan.es\/ca\/wp-json\/wp\/v2\/comments?post=3790"}],"version-history":[{"count":5,"href":"https:\/\/www.pisan.es\/ca\/wp-json\/wp\/v2\/pages\/3790\/revisions"}],"predecessor-version":[{"id":4370,"href":"https:\/\/www.pisan.es\/ca\/wp-json\/wp\/v2\/pages\/3790\/revisions\/4370"}],"wp:attachment":[{"href":"https:\/\/www.pisan.es\/ca\/wp-json\/wp\/v2\/media?parent=3790"}],"curies":[{"name":"wp","href":"https:\/\/api.w.org\/{rel}","templated":true}]}}